{"id":17,"date":"2019-10-05T14:11:13","date_gmt":"2019-10-05T14:11:13","guid":{"rendered":"http:\/\/tsv-wechold-magelsen.de\/?page_id=17"},"modified":"2022-09-06T08:49:23","modified_gmt":"2022-09-06T08:49:23","slug":"fussball","status":"publish","type":"page","link":"https:\/\/www.tsv-wechold-magelsen.de\/?page_id=17","title":{"rendered":"Fu\u00dfball"},"content":{"rendered":"\n<p>Hier bekommst du alle Informationen \u00fcber die Sparte Fu\u00dfball.<\/p>\n\n\n\n<p><a href=\"http:\/\/tsv-wechold-magelsen.de\/fussball-herren\">Herrenfu\u00dfball<\/a><\/p>\n\n\n\n<p><a href=\"http:\/\/tsv-wechold-magelsen.de\/fussball-jugend\">Jugendfu\u00dfball<\/a><\/p>\n\n\n\n<p><\/p>\n\n\n\n<p><a href=\"https:\/\/www.fussball.de\/verein\/tsv-wechold-magelsen-niedersachsen\/-\/id\/00ES8GN7QC00000CVV0AG08LVUPGND5I#!\/section\/stage\">Vereinsseite auf fussball.de<\/a><\/p>\n\n\n\n<p><\/p>\n","protected":false},"excerpt":{"rendered":"<p>Hier bekommst du alle Informationen \u00fcber die Sparte Fu\u00dfball. Herrenfu\u00dfball Jugendfu\u00dfball Vereinsseite auf fussball.de<\/p>\n","protected":false},"author":1,"featured_media":0,"parent":0,"menu_order":0,"comment_status":"closed","ping_status":"closed","template":"","meta":{"ngg_post_thumbnail":0,"footnotes":""},"class_list":["post-17","page","type-page","status-publish","hentry"],"_links":{"self":[{"href":"https:\/\/www.tsv-wechold-magelsen.de\/index.php?rest_route=\/wp\/v2\/pages\/17","targetHints":{"allow":["GET"]}}],"collection":[{"href":"https:\/\/www.tsv-wechold-magelsen.de\/index.php?rest_route=\/wp\/v2\/pages"}],"about":[{"href":"https:\/\/www.tsv-wechold-magelsen.de\/index.php?rest_route=\/wp\/v2\/types\/page"}],"author":[{"embeddable":true,"href":"https:\/\/www.tsv-wechold-magelsen.de\/index.php?rest_route=\/wp\/v2\/users\/1"}],"replies":[{"embeddable":true,"href":"https:\/\/www.tsv-wechold-magelsen.de\/index.php?rest_route=%2Fwp%2Fv2%2Fcomments&post=17"}],"version-history":[{"count":3,"href":"https:\/\/www.tsv-wechold-magelsen.de\/index.php?rest_route=\/wp\/v2\/pages\/17\/revisions"}],"predecessor-version":[{"id":291,"href":"https:\/\/www.tsv-wechold-magelsen.de\/index.php?rest_route=\/wp\/v2\/pages\/17\/revisions\/291"}],"wp:attachment":[{"href":"https:\/\/www.tsv-wechold-magelsen.de\/index.php?rest_route=%2Fwp%2Fv2%2Fmedia&parent=17"}],"curies":[{"name":"wp","href":"https:\/\/api.w.org\/{rel}","templated":true}]}}