{"id":19,"date":"2019-10-05T14:11:13","date_gmt":"2019-10-05T14:11:13","guid":{"rendered":"http:\/\/tsv-wechold-magelsen.de\/?page_id=19"},"modified":"2026-04-01T12:12:02","modified_gmt":"2026-04-01T12:12:02","slug":"fussball-herren","status":"publish","type":"page","link":"https:\/\/www.tsv-wechold-magelsen.de\/?page_id=19","title":{"rendered":"Fu\u00dfball &#8211; Herren"},"content":{"rendered":"\n<p><strong>1.Herre<\/strong>n<\/p>\n\n\n<div class=\"wp-block-image is-style-default\">\n<figure class=\"alignleft size-large\"><img loading=\"lazy\" decoding=\"async\" width=\"1024\" height=\"768\" src=\"https:\/\/www.tsv-wechold-magelsen.de\/wp-content\/uploads\/2026\/04\/TSV-1.-Herren-Mannschaftsfoto-November-2025-1-1024x768.jpg\" alt=\"\" class=\"wp-image-404\" style=\"aspect-ratio:16\/9;object-fit:contain\" srcset=\"https:\/\/www.tsv-wechold-magelsen.de\/wp-content\/uploads\/2026\/04\/TSV-1.-Herren-Mannschaftsfoto-November-2025-1-1024x768.jpg 1024w, https:\/\/www.tsv-wechold-magelsen.de\/wp-content\/uploads\/2026\/04\/TSV-1.-Herren-Mannschaftsfoto-November-2025-1-300x225.jpg 300w, https:\/\/www.tsv-wechold-magelsen.de\/wp-content\/uploads\/2026\/04\/TSV-1.-Herren-Mannschaftsfoto-November-2025-1-768x576.jpg 768w, https:\/\/www.tsv-wechold-magelsen.de\/wp-content\/uploads\/2026\/04\/TSV-1.-Herren-Mannschaftsfoto-November-2025-1-1536x1152.jpg 1536w, https:\/\/www.tsv-wechold-magelsen.de\/wp-content\/uploads\/2026\/04\/TSV-1.-Herren-Mannschaftsfoto-November-2025-1-2048x1536.jpg 2048w, https:\/\/www.tsv-wechold-magelsen.de\/wp-content\/uploads\/2026\/04\/TSV-1.-Herren-Mannschaftsfoto-November-2025-1-1600x1200.jpg 1600w\" sizes=\"auto, (max-width: 1024px) 100vw, 1024px\" \/><\/figure>\n<\/div>\n\n\n<p>Unsere 1. Herren spielt in dieser Saison in der 3.Kkreisklasse Nord.<br><a href=\"https:\/\/www.fussball.de\/mannschaft\/tsv-wechold-magelsen-i-tsv-wechold-magelsen-niedersachsen\/-\/saison\/2526\/team-id\/011MIFBEAK000000VTVG0001VTR8C1K7#!\/\" target=\"_blank\" rel=\"noreferrer noopener\">Mannschaftsseite auf Fussball.de<\/a><br><a href=\"https:\/\/www.fussball.de\/spieltagsuebersicht\/2kreisklasse-nord-nienburg-kreis-nienburg-2kreisklasse-herren-saison2425-niedersachsen\/-\/staffel\/02PTDMBE7O000007VS5489B4VVTKJJ35-G#!\/\" target=\"_blank\" rel=\"noreferrer noopener\">Aktueller Spieltag und Tabelle der 3.KK Nord<\/a><br><\/p>\n\n\n\n<p><strong>Altliga<\/strong><br>Unsere Altliga spielt in dieser Saison in der Kreisliga Nord.<br><a href=\"https:\/\/www.fussball.de\/mannschaft\/tsv-wechold-magelsen-tsv-wechold-magelsen-niedersachsen\/-\/saison\/2526\/team-id\/011MIBRS00000000VTVG0001VTR8C1K7#!\/\" target=\"_blank\" rel=\"noreferrer noopener\">Mannschaftsseite auf Fussball.de <\/a><br><a href=\"https:\/\/www.fussball.de\/spieltagsuebersicht\/altliga-ue40-kreisliga-nord-kreis-nienburg-herren-ue40-kreisliga-herren-ue40-saison2526-niedersachsen\/-\/staffel\/02TJR8AN8S000006VS5489BUVVSMDEIN-G#!\/\" target=\"_blank\" rel=\"noreferrer noopener\">Aktueller Spieltag und Tabelle der Kreisliga<\/a><br><\/p>\n\n\n\n<p><strong>Ansprechpartner:<\/strong><br>Spartenleiter Fu\u00dfball<br>Rick Wei\u00dfk\u00f6ppel<br>Telefon: 0152\/38956632<\/p>\n","protected":false},"excerpt":{"rendered":"<p>1.Herren Unsere 1. Herren spielt in dieser Saison in der 3.Kkreisklasse Nord.Mannschaftsseite auf Fussball.deAktueller Spieltag und Tabelle der 3.KK Nord&hellip;<\/p>\n","protected":false},"author":1,"featured_media":0,"parent":0,"menu_order":0,"comment_status":"closed","ping_status":"closed","template":"","meta":{"ngg_post_thumbnail":0,"footnotes":""},"class_list":["post-19","page","type-page","status-publish","hentry"],"_links":{"self":[{"href":"https:\/\/www.tsv-wechold-magelsen.de\/index.php?rest_route=\/wp\/v2\/pages\/19","targetHints":{"allow":["GET"]}}],"collection":[{"href":"https:\/\/www.tsv-wechold-magelsen.de\/index.php?rest_route=\/wp\/v2\/pages"}],"about":[{"href":"https:\/\/www.tsv-wechold-magelsen.de\/index.php?rest_route=\/wp\/v2\/types\/page"}],"author":[{"embeddable":true,"href":"https:\/\/www.tsv-wechold-magelsen.de\/index.php?rest_route=\/wp\/v2\/users\/1"}],"replies":[{"embeddable":true,"href":"https:\/\/www.tsv-wechold-magelsen.de\/index.php?rest_route=%2Fwp%2Fv2%2Fcomments&post=19"}],"version-history":[{"count":16,"href":"https:\/\/www.tsv-wechold-magelsen.de\/index.php?rest_route=\/wp\/v2\/pages\/19\/revisions"}],"predecessor-version":[{"id":411,"href":"https:\/\/www.tsv-wechold-magelsen.de\/index.php?rest_route=\/wp\/v2\/pages\/19\/revisions\/411"}],"wp:attachment":[{"href":"https:\/\/www.tsv-wechold-magelsen.de\/index.php?rest_route=%2Fwp%2Fv2%2Fmedia&parent=19"}],"curies":[{"name":"wp","href":"https:\/\/api.w.org\/{rel}","templated":true}]}}