{"id":45,"date":"2019-10-05T14:11:13","date_gmt":"2019-10-05T14:11:13","guid":{"rendered":"http:\/\/tsv-wechold-magelsen.de\/?page_id=45"},"modified":"2022-09-06T07:58:33","modified_gmt":"2022-09-06T07:58:33","slug":"impressum","status":"publish","type":"page","link":"https:\/\/www.tsv-wechold-magelsen.de\/?page_id=45","title":{"rendered":"Impressum"},"content":{"rendered":"\n<p>Turn-und Sportverein Wechold-Magelsen e. V.<br>Wechold 129 d<br>27318 Hilgermissen<br>Telefon<em>: +49 4256 7472 <\/em><br><em>Internet<\/em>: www.TSV-Wechold-Magelsen.de<\/p>\n\n\n\n<p>Vertretungsberechtigter Vorstand: Ralf Gehrmann, Sylvia Beermann, Philipp Krenzien (Vorsitzende), 27318 Hilgermissen<br>Registergericht: Amtsgericht Walsrode<br>Registernummer: VR 130048<br>Inhaltlich Verantwortlicher gem\u00e4\u00df \u00a7 55 Abs. 2 RStV: Der Vorstand (Anschrift wie oben)<\/p>\n\n\n\n<p>Haftungshinweis: Trotz sorgf\u00e4ltiger inhaltlicher Kontrolle \u00fcbernehmen wir keine Haftung f\u00fcr die Inhalte externer Links. F\u00fcr den Inhalt der verlinkten Seiten sind ausschlie\u00dflich deren Betreiber verantwortlich.<\/p>\n","protected":false},"excerpt":{"rendered":"<p>Turn-und Sportverein Wechold-Magelsen e. V.Wechold 129 d27318 HilgermissenTelefon: +49 4256 7472 Internet: www.TSV-Wechold-Magelsen.de Vertretungsberechtigter Vorstand: Ralf Gehrmann, Sylvia Beermann, Philipp&hellip;<\/p>\n","protected":false},"author":1,"featured_media":0,"parent":0,"menu_order":0,"comment_status":"closed","ping_status":"closed","template":"","meta":{"ngg_post_thumbnail":0,"footnotes":""},"class_list":["post-45","page","type-page","status-publish","hentry"],"_links":{"self":[{"href":"https:\/\/www.tsv-wechold-magelsen.de\/index.php?rest_route=\/wp\/v2\/pages\/45","targetHints":{"allow":["GET"]}}],"collection":[{"href":"https:\/\/www.tsv-wechold-magelsen.de\/index.php?rest_route=\/wp\/v2\/pages"}],"about":[{"href":"https:\/\/www.tsv-wechold-magelsen.de\/index.php?rest_route=\/wp\/v2\/types\/page"}],"author":[{"embeddable":true,"href":"https:\/\/www.tsv-wechold-magelsen.de\/index.php?rest_route=\/wp\/v2\/users\/1"}],"replies":[{"embeddable":true,"href":"https:\/\/www.tsv-wechold-magelsen.de\/index.php?rest_route=%2Fwp%2Fv2%2Fcomments&post=45"}],"version-history":[{"count":3,"href":"https:\/\/www.tsv-wechold-magelsen.de\/index.php?rest_route=\/wp\/v2\/pages\/45\/revisions"}],"predecessor-version":[{"id":276,"href":"https:\/\/www.tsv-wechold-magelsen.de\/index.php?rest_route=\/wp\/v2\/pages\/45\/revisions\/276"}],"wp:attachment":[{"href":"https:\/\/www.tsv-wechold-magelsen.de\/index.php?rest_route=%2Fwp%2Fv2%2Fmedia&parent=45"}],"curies":[{"name":"wp","href":"https:\/\/api.w.org\/{rel}","templated":true}]}}