{"id":46,"date":"2019-10-05T14:11:13","date_gmt":"2019-10-05T14:11:13","guid":{"rendered":"http:\/\/tsv-wechold-magelsen.de\/?page_id=46"},"modified":"2019-10-08T07:51:15","modified_gmt":"2019-10-08T07:51:15","slug":"datenschutz","status":"publish","type":"page","link":"https:\/\/www.tsv-wechold-magelsen.de\/?page_id=46","title":{"rendered":"Datenschutz"},"content":{"rendered":"\n<p><strong>Informationen<\/strong><\/p>\n\n\n\n<p>Der Turn-und Sportverein Wechold-Magelsen e.V. nimmt den Schutz Ihrer pers\u00f6nlichen Daten sehr ernst und h\u00e4lt sich strikt an die Regeln der Datenschutzgesetze. Personenbezogene Daten werden auf dieser Webseite nur im technisch notwendigen Umfang erhoben. In keinem Fall werden die erhobenen Daten verkauft oder aus anderen Gr\u00fcnden an Dritte weitergegeben.<\/p>\n\n\n\n<p>Die nachfolgende Erkl\u00e4rung gibt Ihnen einen \u00dcberblick dar\u00fcber, wie wir diesen Schutz gew\u00e4hrleisten und welche Art von Daten zu welchem Zweck erhoben werden.<\/p>\n\n\n\n<p><strong>Datenverarbeitung auf dieser Internetseite<\/strong><\/p>\n\n\n\n<p>Der Turn-und Sportverein Wechold-Magelsen e.V. erhebt und speichert automatisch in ihren Server-Log-Files Informationen, die Ihr Browser an uns \u00fcbermittelt. Dies sind:<br>&#8211; Browsertyp\/ -version<br>&#8211; verwendetes Betriebssystem<br>&#8211; Referrer URL (die zuvor besuchte Seite)<br>&#8211; Hostname des zugreifenden Rechners (IP Adresse)<br>&#8211; Uhrzeit der Serveranfrage.<br>Diese Daten sind anonym und k\u00f6nnen von uns nicht bestimmten Personen zugeordnet werden. Eine Zusammenf\u00fchrung dieser Daten mit anderen Datenquellen wird nicht vorgenommen, die Daten werden zudem nach einer statistischen Auswertung gel\u00f6scht.<\/p>\n\n\n\n<p><strong>Kontaktformulare<\/strong><\/p>\n\n\n\n<p>\u00dcber das Kontaktformular \u00fcbermittelte Informationen (siehe nachfolgende Auflistung) werden per E-Mail versand und zus\u00e4tzlich auf einem lokalen PC mit Hilfe eines E-Mail Programms gespeichert, um die <\/p>\n\n\n\n<p>Kommunikation zu dokumentieren und Fragen schneller beantworten zu k\u00f6nnen. Auf Aufforderung l\u00f6schen wir diese E-Mails sofort.<\/p>\n\n\n\n<p>Name<br>E-Mail-Adresse<br>Anmerkungen<\/p>\n\n\n\n<p>Sie haben jederzeit das Recht auf Auskunft \u00fcber die bez\u00fcglich Ihrer Person gespeicherten Daten, deren Herkunft und Empf\u00e4nger sowie den Zweck der Speicherung. Bitte setzen Sie sich hierzu mit uns in Verbindung.<\/p>\n\n\n\n<p><strong>Weitere Informationen<\/strong><\/p>\n\n\n\n<p>Ihr Vertrauen ist uns wichtig. Daher m\u00f6chten wir Ihnen jederzeit Rede und Antwort bez\u00fcglich der Verarbeitung Ihrer personenbezogenen Daten stehen. Wenn Sie Fragen haben, die Ihnen diese Datenschutzerkl\u00e4rung nicht beantworten konnte oder wenn Sie zu einem Punkt vertiefte Informationen w\u00fcnschen, nehmen Sie bitte mit uns Kontakt auf.<\/p>\n","protected":false},"excerpt":{"rendered":"<p>Informationen Der Turn-und Sportverein Wechold-Magelsen e.V. nimmt den Schutz Ihrer pers\u00f6nlichen Daten sehr ernst und h\u00e4lt sich strikt an die&hellip;<\/p>\n","protected":false},"author":1,"featured_media":0,"parent":0,"menu_order":0,"comment_status":"closed","ping_status":"closed","template":"","meta":{"ngg_post_thumbnail":0,"footnotes":""},"class_list":["post-46","page","type-page","status-publish","hentry"],"_links":{"self":[{"href":"https:\/\/www.tsv-wechold-magelsen.de\/index.php?rest_route=\/wp\/v2\/pages\/46","targetHints":{"allow":["GET"]}}],"collection":[{"href":"https:\/\/www.tsv-wechold-magelsen.de\/index.php?rest_route=\/wp\/v2\/pages"}],"about":[{"href":"https:\/\/www.tsv-wechold-magelsen.de\/index.php?rest_route=\/wp\/v2\/types\/page"}],"author":[{"embeddable":true,"href":"https:\/\/www.tsv-wechold-magelsen.de\/index.php?rest_route=\/wp\/v2\/users\/1"}],"replies":[{"embeddable":true,"href":"https:\/\/www.tsv-wechold-magelsen.de\/index.php?rest_route=%2Fwp%2Fv2%2Fcomments&post=46"}],"version-history":[{"count":3,"href":"https:\/\/www.tsv-wechold-magelsen.de\/index.php?rest_route=\/wp\/v2\/pages\/46\/revisions"}],"predecessor-version":[{"id":153,"href":"https:\/\/www.tsv-wechold-magelsen.de\/index.php?rest_route=\/wp\/v2\/pages\/46\/revisions\/153"}],"wp:attachment":[{"href":"https:\/\/www.tsv-wechold-magelsen.de\/index.php?rest_route=%2Fwp%2Fv2%2Fmedia&parent=46"}],"curies":[{"name":"wp","href":"https:\/\/api.w.org\/{rel}","templated":true}]}}