{"id":47,"date":"2019-10-05T14:11:13","date_gmt":"2019-10-05T14:11:13","guid":{"rendered":"http:\/\/tsv-wechold-magelsen.de\/?page_id=47"},"modified":"2019-10-09T09:06:15","modified_gmt":"2019-10-09T09:06:15","slug":"ueber-uns","status":"publish","type":"page","link":"https:\/\/www.tsv-wechold-magelsen.de\/?page_id=47","title":{"rendered":"\u00dcber uns"},"content":{"rendered":"\n<p>Der TSV-Wechold-Magelsen e.V. ist im Jahre 1970 aus dem Zusammenschluss des TSV- Magelsen e.V und des SV Wechold-Mehringen e.V hervorgegangen. In den folgenden Jahren ist das Angebot der urspr\u00fcnglich reinen Fu\u00dfballvereine durch die Sparten Handball, Gymnastik- und Turnen erheblich ausgeweitet worden.<br> Mit rund 500 Mitgliedern ist der TSV Wechold-Magelsen e.V. der bei weitem gr\u00f6\u00dfte Verein in der Gemeinde Hilgermissen. Mit dem Neubau des Multifunktionsgeb\u00e4udes und eines zweiten Sportplatzes am Schul- und Sportzentrum in Wechold konnte der Wunsch, die Sportst\u00e4tten auf einen Standort in der Mitte der Gemeinde Hilgermissen zu konzentrieren, zum Gro\u00dfteil verwirklicht werden.<br><\/p>\n\n\n\n<p><a href=\"http:\/\/tsv-wechold-magelsen.de\/vorstand\">Hier gibt es Informationen \u00fcber unseren Vorstand<\/a><\/p>\n\n\n\n<p><a href=\"http:\/\/tsv-wechold-magelsen.de\/unsere-sportstaetten\">Unsere Sportst\u00e4tten<\/a><\/p>\n","protected":false},"excerpt":{"rendered":"<p>Der TSV-Wechold-Magelsen e.V. ist im Jahre 1970 aus dem Zusammenschluss des TSV- Magelsen e.V und des SV Wechold-Mehringen e.V hervorgegangen.&hellip;<\/p>\n","protected":false},"author":1,"featured_media":0,"parent":0,"menu_order":0,"comment_status":"closed","ping_status":"closed","template":"","meta":{"ngg_post_thumbnail":0,"footnotes":""},"class_list":["post-47","page","type-page","status-publish","hentry"],"_links":{"self":[{"href":"https:\/\/www.tsv-wechold-magelsen.de\/index.php?rest_route=\/wp\/v2\/pages\/47","targetHints":{"allow":["GET"]}}],"collection":[{"href":"https:\/\/www.tsv-wechold-magelsen.de\/index.php?rest_route=\/wp\/v2\/pages"}],"about":[{"href":"https:\/\/www.tsv-wechold-magelsen.de\/index.php?rest_route=\/wp\/v2\/types\/page"}],"author":[{"embeddable":true,"href":"https:\/\/www.tsv-wechold-magelsen.de\/index.php?rest_route=\/wp\/v2\/users\/1"}],"replies":[{"embeddable":true,"href":"https:\/\/www.tsv-wechold-magelsen.de\/index.php?rest_route=%2Fwp%2Fv2%2Fcomments&post=47"}],"version-history":[{"count":4,"href":"https:\/\/www.tsv-wechold-magelsen.de\/index.php?rest_route=\/wp\/v2\/pages\/47\/revisions"}],"predecessor-version":[{"id":165,"href":"https:\/\/www.tsv-wechold-magelsen.de\/index.php?rest_route=\/wp\/v2\/pages\/47\/revisions\/165"}],"wp:attachment":[{"href":"https:\/\/www.tsv-wechold-magelsen.de\/index.php?rest_route=%2Fwp%2Fv2%2Fmedia&parent=47"}],"curies":[{"name":"wp","href":"https:\/\/api.w.org\/{rel}","templated":true}]}}